{"id":11263,"date":"2024-07-29T12:14:58","date_gmt":"2024-07-29T12:14:58","guid":{"rendered":"https:\/\/www.amorlingua.com\/?post_type=product&#038;p=11263"},"modified":"2025-11-21T13:09:08","modified_gmt":"2025-11-21T13:09:08","slug":"engleski-jezik-grupa","status":"publish","type":"product","link":"https:\/\/amorlingua.com\/en\/\u0161kola\/engleski-jezik-grupa\/","title":{"rendered":"Engleski jezik &#8211; Grupa -upisi u tijeku!"},"content":{"rendered":"<h2>Engleski jezik &#8211; Grupni te\u010dajevi!<\/h2>\n<p>70 sati programa s izvanrednim profesorima u malim grupama!<\/p>\n<blockquote>\n<h2><strong><a href=\"https:\/\/drive.google.com\/file\/d\/1bPea7nJC3r15gj18tdI9RRudx1w2rFjV\/view?usp=sharing\" target=\"_blank\" rel=\"noopener\">AMOR LINGUA COLLEGE<\/a><\/strong><\/h2>\n<h2><strong>Op\u0107i grupni te\u010daj na razini A1.1-A2.2\/B1.1 po\u010dinje 26.1.2026.\u00a0<\/strong><\/h2>\n<\/blockquote>\n<p>&nbsp;<\/p>\n<p><strong>Perfect the language without which the 21st century is unthinkable - English language<\/strong><\/p>\n<p>Engleski jezik govori vi\u0161e od dvije milijarde ljudi te je nesumnjivo najva\u017eniji jezik globalne komunikacije. Engleski jezik u\u010di se ve\u0107 od pred\u0161kolskih dana, prisutan je u svim suvremenim medijima te je osnovni preduvjet za zapo\u0161ljavanje. Na\u0161i \u0107e vas stru\u010dni profesori uz suvremene metode pou\u010davanja nau\u010diti ne samo engleskom jeziku i savr\u0161enom izgovoru, ve\u0107 i obi\u010dajima, tradiciji, filmovima i\u00a0 glazbi anglosaksonske kulture.<\/p>\n<p><img fetchpriority=\"high\" decoding=\"async\" class=\"aligncenter wp-image-2744 size-full\" src=\"https:\/\/amorlingua.com\/wp-content\/uploads\/2021\/05\/pexels-pixabay-256417-scaled.jpg\" alt=\"\" width=\"2560\" height=\"1426\" srcset=\"https:\/\/amorlingua.com\/wp-content\/uploads\/2021\/05\/pexels-pixabay-256417-scaled.jpg 2560w, https:\/\/amorlingua.com\/wp-content\/uploads\/2021\/05\/pexels-pixabay-256417-300x167.jpg 300w, https:\/\/amorlingua.com\/wp-content\/uploads\/2021\/05\/pexels-pixabay-256417-1024x571.jpg 1024w, https:\/\/amorlingua.com\/wp-content\/uploads\/2021\/05\/pexels-pixabay-256417-768x428.jpg 768w, https:\/\/amorlingua.com\/wp-content\/uploads\/2021\/05\/pexels-pixabay-256417-1536x856.jpg 1536w, https:\/\/amorlingua.com\/wp-content\/uploads\/2021\/05\/pexels-pixabay-256417-2048x1141.jpg 2048w, https:\/\/amorlingua.com\/wp-content\/uploads\/2021\/05\/pexels-pixabay-256417-600x334.jpg 600w\" sizes=\"(max-width: 2560px) 100vw, 2560px\" \/><\/p>\n<p><strong>English language course includes:<\/strong><\/p>\n<ul>\n<li>Language testing so that we can place you in the appropriate group<\/li>\n<li>Consulting with a language advisor - analysis of knowledge and goals and program selection<\/li>\n<li>Opportunity to participate in extracurricular activities: Language coffee meetup, literary and film workshops\u2026<\/li>\n<li>Two exam deadlines<\/li>\n<li>Potvrda nakon uspje\u0161no polo\u017eenog ispita<\/li>\n<\/ul>\n<p><img decoding=\"async\" class=\"aligncenter wp-image-2769 size-full\" src=\"https:\/\/amorlingua.com\/wp-content\/uploads\/2021\/05\/rusija-komunikac-scaled.jpg\" alt=\"Konverzacijski te\u010daj\" width=\"2560\" height=\"1707\" srcset=\"https:\/\/amorlingua.com\/wp-content\/uploads\/2021\/05\/rusija-komunikac-scaled.jpg 2560w, https:\/\/amorlingua.com\/wp-content\/uploads\/2021\/05\/rusija-komunikac-300x200.jpg 300w, https:\/\/amorlingua.com\/wp-content\/uploads\/2021\/05\/rusija-komunikac-1024x683.jpg 1024w, https:\/\/amorlingua.com\/wp-content\/uploads\/2021\/05\/rusija-komunikac-768x512.jpg 768w, https:\/\/amorlingua.com\/wp-content\/uploads\/2021\/05\/rusija-komunikac-1536x1024.jpg 1536w, https:\/\/amorlingua.com\/wp-content\/uploads\/2021\/05\/rusija-komunikac-2048x1365.jpg 2048w, https:\/\/amorlingua.com\/wp-content\/uploads\/2021\/05\/rusija-komunikac-600x400.jpg 600w\" sizes=\"(max-width: 2560px) 100vw, 2560px\" \/><\/p>\n<p><strong>Graduate professors of English language and literature have prepared a curriculum that accompanies CEFR, ie ZEROJ<\/strong> (Common European Framework of Reference for Languages). According to this framework, we offer courses at all levels of language proficiency:<\/p>\n<p>A1 - Beginner<br \/>\nA2 - Elementary<br \/>\nB1 - Intermediate<br \/>\nB2 - Upper Intermediate<br \/>\nC1 - Advanced<br \/>\nC2 - Proficiency<\/p>\n<p>Interesting textbooks and manuals, videos, newspaper articles, poems, movies, current and everyday events, Anglo-Saxon culture and customs\u2026 Language is more than grammar and vocabulary!<\/p>\n<p><img decoding=\"async\" class=\"aligncenter wp-image-115 size-full\" src=\"https:\/\/amorlingua.com\/wp-content\/uploads\/2020\/06\/pexels-photo-1893264.jpeg\" alt=\"pripreme za maturu\" width=\"2250\" height=\"1500\" srcset=\"https:\/\/amorlingua.com\/wp-content\/uploads\/2020\/06\/pexels-photo-1893264.jpeg 2250w, https:\/\/amorlingua.com\/wp-content\/uploads\/2020\/06\/pexels-photo-1893264-600x400.jpeg 600w, https:\/\/amorlingua.com\/wp-content\/uploads\/2020\/06\/pexels-photo-1893264-300x200.jpeg 300w, https:\/\/amorlingua.com\/wp-content\/uploads\/2020\/06\/pexels-photo-1893264-1024x683.jpeg 1024w, https:\/\/amorlingua.com\/wp-content\/uploads\/2020\/06\/pexels-photo-1893264-768x512.jpeg 768w, https:\/\/amorlingua.com\/wp-content\/uploads\/2020\/06\/pexels-photo-1893264-1536x1024.jpeg 1536w, https:\/\/amorlingua.com\/wp-content\/uploads\/2020\/06\/pexels-photo-1893264-2048x1365.jpeg 2048w\" sizes=\"(max-width: 2250px) 100vw, 2250px\" \/><\/p>\n<p>Small groups, modern methods of work through a creative approach and interactive teaching of English language through various activities ensure quality, fast and fun way of learning a new language. You start speaking a foreign language from the first class, and you can feel your progress during and after the course.<\/p>\n<p>If you are not a beginner and want to enroll in one of the higher levels, you need to pass our classification exam first in order to place you in the appropriate group. The classification exam should not be taken by students who have passed an international exam or a certificate from another foreign language school in accordance with European and Croatian standards.<\/p>\n<p><img loading=\"lazy\" decoding=\"async\" class=\"aligncenter wp-image-107 size-full\" src=\"https:\/\/amorlingua.com\/wp-content\/uploads\/2020\/06\/pexels-photo-1128558.jpeg\" alt=\"\" width=\"2000\" height=\"1500\" srcset=\"https:\/\/amorlingua.com\/wp-content\/uploads\/2020\/06\/pexels-photo-1128558.jpeg 2000w, https:\/\/amorlingua.com\/wp-content\/uploads\/2020\/06\/pexels-photo-1128558-600x450.jpeg 600w, https:\/\/amorlingua.com\/wp-content\/uploads\/2020\/06\/pexels-photo-1128558-300x225.jpeg 300w, https:\/\/amorlingua.com\/wp-content\/uploads\/2020\/06\/pexels-photo-1128558-1024x768.jpeg 1024w, https:\/\/amorlingua.com\/wp-content\/uploads\/2020\/06\/pexels-photo-1128558-768x576.jpeg 768w, https:\/\/amorlingua.com\/wp-content\/uploads\/2020\/06\/pexels-photo-1128558-1536x1152.jpeg 1536w\" sizes=\"(max-width: 2000px) 100vw, 2000px\" \/><\/p>\n<p><strong>College Amor Lingua together with\u00a0<a href=\"https:\/\/etw.hr\/\" target=\"_blank\" rel=\"noopener\"> Educational Travel Worldwide<\/a> Amor Lingua College, in collaboration with Educational Travel Worldwide, organizes trips to the UK, the United States, Canada and Australia so that students, in addition to learning English, can fully immerse themselves in Anglo-Saxon culture and customs.<\/strong> In this way, students can communicate with a large number of native speakers, visit the locations they learned about in class and embark on an Anglo-Saxon adventure.<\/p>\n<p><strong>Preko 30 godina iskustva i suradnje s britanskim i ameri\u010dkim vrhunskim \u0161kolama CES, <a href=\"https:\/\/www.selectenglish.co.uk\/\" target=\"_blank\" rel=\"noopener\">Select English<\/a>, Oxford Spires, Melchior College, <a href=\"https:\/\/www.stclares.ac.uk\/\" target=\"_blank\" rel=\"noopener\">St. Clare&#8217;s<\/a>, <a href=\"https:\/\/www.francesking.com\/\" target=\"_blank\" rel=\"noopener\">Frances King<\/a>and Embassy, allows all our attendees to enroll in summer camps, online, general and accelerated courses and academic preparation in the best language centers in the UK, Ireland, Canada, USA, Australia\u2026<\/strong><\/p>\n<p><strong>Prijavi se na neki od te\u010dajeva u inozemstvu: https:\/\/etw.hr\/kategorija\/tecajevi-stranog-jezika-u-inozemstvu\/tecajevi-stranih-jezika-za-odrasle\/<br \/>\n<\/strong>The combination of learning a foreign language in our College and spending a few weeks in one of the countries among the native speakers, guarantees excellent knowledge and perfect pronunciation!<\/p>\n<p><img loading=\"lazy\" decoding=\"async\" class=\"aligncenter wp-image-120 size-full\" src=\"https:\/\/amorlingua.com\/wp-content\/uploads\/2020\/06\/pexels-photo-2354225.jpeg\" alt=\"\" width=\"2247\" height=\"1500\" srcset=\"https:\/\/amorlingua.com\/wp-content\/uploads\/2020\/06\/pexels-photo-2354225.jpeg 2247w, https:\/\/amorlingua.com\/wp-content\/uploads\/2020\/06\/pexels-photo-2354225-600x401.jpeg 600w, https:\/\/amorlingua.com\/wp-content\/uploads\/2020\/06\/pexels-photo-2354225-300x200.jpeg 300w, https:\/\/amorlingua.com\/wp-content\/uploads\/2020\/06\/pexels-photo-2354225-1024x684.jpeg 1024w, https:\/\/amorlingua.com\/wp-content\/uploads\/2020\/06\/pexels-photo-2354225-768x513.jpeg 768w, https:\/\/amorlingua.com\/wp-content\/uploads\/2020\/06\/pexels-photo-2354225-1536x1025.jpeg 1536w, https:\/\/amorlingua.com\/wp-content\/uploads\/2020\/06\/pexels-photo-2354225-2048x1367.jpeg 2048w\" sizes=\"(max-width: 2247px) 100vw, 2247px\" \/><\/p>\n<p><strong>Before the adventure of learning a language in our college, this is our first lesson:<\/strong><\/p>\n<ul>\n<li>Hi\/Hello! = Bok\/zdravo!<\/li>\n<li>Welcome! = Dobro do\u0161li!<\/li>\n<li>Goodbye! = Dovi\u0111enja!<\/li>\n<li>See you later! = Vidimo se kasnije!<\/li>\n<\/ul>\n<p>&nbsp;<\/p>\n<ul>\n<li>Good morning \/afternoon\/evening! = Dobro jutro\/dan\/ve\u010der!<\/li>\n<li>Good night! =\u00a0 Laku no\u0107!<\/li>\n<li>Please = Molim<\/li>\n<li>Thank you\/Thanks = Hvala<\/li>\n<li>Here you go = Izvoli<\/li>\n<li>You\u2019re welcome = Nema na \u010demu<\/li>\n<li>Sorry\u00a0 = Oprosti<\/li>\n<li>I aplogize = Ispri\u010davam se<\/li>\n<li>Excuse me = Oprostite<\/li>\n<\/ul>\n<p>&nbsp;<\/p>\n<ul>\n<li>Cheers! = \u017divjeli!<\/li>\n<li>Bless you! = Nazdravlje!<\/li>\n<li>Happy birthday! = Sretan ro\u0111endan!<\/li>\n<li>Merry Christmas! = Sretan Bo\u017ei\u0107!<\/li>\n<li>Happy New Year! = Sretna Nova godina!<\/li>\n<\/ul>\n<p>&nbsp;<\/p>","protected":false},"excerpt":{"rendered":"<p>Engleski jezik &#8211; Grupa<\/p>\n<p>70 sati programa s izvanrednim profesorima u malim grupama!<\/p>","protected":false},"featured_media":2778,"template":"","meta":{"om_disable_all_campaigns":false,"_monsterinsights_skip_tracking":false,"_monsterinsights_sitenote_active":false,"_monsterinsights_sitenote_note":"","_monsterinsights_sitenote_category":0,"_uf_show_specific_survey":0,"_uf_disable_surveys":false,"h5ap_radio_sources":[]},"product_brand":[],"product_cat":[21],"product_tag":[],"class_list":{"0":"post-11263","1":"product","2":"type-product","3":"status-publish","4":"has-post-thumbnail","6":"product_cat-skola-stranih-jezika","8":"entry","9":"has-media","11":"first","12":"instock","13":"shipping-taxable","14":"purchasable","15":"product-type-simple","16":"has-product-nav","17":"col","18":"span_1_of_3","19":"owp-content-center","20":"owp-thumbs-layout-horizontal","21":"owp-btn-big","22":"owp-tabs-layout-section"},"_links":{"self":[{"href":"https:\/\/amorlingua.com\/en\/wp-json\/wp\/v2\/product\/11263","targetHints":{"allow":["GET"]}}],"collection":[{"href":"https:\/\/amorlingua.com\/en\/wp-json\/wp\/v2\/product"}],"about":[{"href":"https:\/\/amorlingua.com\/en\/wp-json\/wp\/v2\/types\/product"}],"wp:featuredmedia":[{"embeddable":true,"href":"https:\/\/amorlingua.com\/en\/wp-json\/wp\/v2\/media\/2778"}],"wp:attachment":[{"href":"https:\/\/amorlingua.com\/en\/wp-json\/wp\/v2\/media?parent=11263"}],"wp:term":[{"taxonomy":"product_brand","embeddable":true,"href":"https:\/\/amorlingua.com\/en\/wp-json\/wp\/v2\/product_brand?post=11263"},{"taxonomy":"product_cat","embeddable":true,"href":"https:\/\/amorlingua.com\/en\/wp-json\/wp\/v2\/product_cat?post=11263"},{"taxonomy":"product_tag","embeddable":true,"href":"https:\/\/amorlingua.com\/en\/wp-json\/wp\/v2\/product_tag?post=11263"}],"curies":[{"name":"wp","href":"https:\/\/api.w.org\/{rel}","templated":true}]}}