{"id":11231,"date":"2024-04-30T09:12:36","date_gmt":"2024-04-30T09:12:36","guid":{"rendered":"https:\/\/www.amorlingua.com\/?post_type=product&#038;p=11231"},"modified":"2026-04-01T01:59:18","modified_gmt":"2026-04-01T01:59:18","slug":"ajurvedska-medicina-ayurveda","status":"publish","type":"product","link":"https:\/\/amorlingua.com\/en\/\u0161kola\/ajurvedska-medicina-ayurveda\/","title":{"rendered":"Ajurvedska medicina &#8211; Ayurveda"},"content":{"rendered":"<p>Ajurvedska medicina &#8211; Ayurveda<\/p>\n<p>Ayurveda je najraniji medicinski sustav poznat ljudskome rodu, iz kojeg su proiza\u0161li svi kasniji sustavi lije\u010denja. Sam izraz\u00a0<em>ayurveda<\/em>\u00a0zna\u010di \u2018znanost o \u017eivotu\u2019, a njezino polje interesa je cjelovito zdravlje kao temelj svega ostalog.<\/p>\n<p>Ayurveda vjeruje da se skladnim su\u017eivotom s prirodom te odr\u017eavanjem ravnote\u017ee izme\u0111u tijela, psihe i duha posti\u017eu vitalnost i dugovje\u010dnost.<\/p>\n<p>Ayurvedski sustav lije\u010denja temelji se na potpuno individualnom, vi\u0161eslojnom pristupu koji objedinjuje:<\/p>\n<ul>\n<li>fitoterapiju tj. lije\u010denje biljem<\/li>\n<li>nutricionizam, kroz ayurvedske prehrambene smjernice<\/li>\n<li>detoksikaciju i revitalizaciju organizma vi\u0161estrukim terapijskim masa\u017eama koji se nazivaju\u00a0panchakarma<\/li>\n<li>psihologiju, kroz uvo\u0111enje ayurvedske dnevne rutine<\/li>\n<li>spiritualnost, kroz svakodnevno vje\u017ebanje yoge i meditiranje<\/li>\n<\/ul>\n<p>&nbsp;<\/p>\n<p><img fetchpriority=\"high\" decoding=\"async\" class=\"alignnone size-medium wp-image-11236\" src=\"https:\/\/amorlingua.com\/wp-content\/uploads\/2024\/04\/ai-generated-8221936_1280-min-300x168.png\" alt=\"\" width=\"300\" height=\"168\" srcset=\"https:\/\/amorlingua.com\/wp-content\/uploads\/2024\/04\/ai-generated-8221936_1280-min-300x168.png 300w, https:\/\/amorlingua.com\/wp-content\/uploads\/2024\/04\/ai-generated-8221936_1280-min-1024x574.png 1024w, https:\/\/amorlingua.com\/wp-content\/uploads\/2024\/04\/ai-generated-8221936_1280-min-768x430.png 768w, https:\/\/amorlingua.com\/wp-content\/uploads\/2024\/04\/ai-generated-8221936_1280-min-18x10.png 18w, https:\/\/amorlingua.com\/wp-content\/uploads\/2024\/04\/ai-generated-8221936_1280-min-600x336.png 600w, https:\/\/amorlingua.com\/wp-content\/uploads\/2024\/04\/ai-generated-8221936_1280-min.png 1280w\" sizes=\"(max-width: 300px) 100vw, 300px\" \/><\/p>\n<p><strong>EDUKACIJSKI PROGRAM &#8211; 60 LEKCIJA<\/strong><\/p>\n<p><strong>REDOVNA CIJENA: 1300,00 \u20ac \/ Akcijska cijena 990,00\u20ac\u00a0<\/strong><\/p>\n<p><strong>Termin po\u010detka nastave 10. travanj 2026.<\/strong><\/p>\n<p><img decoding=\"async\" class=\"alignnone size-medium wp-image-11241\" src=\"https:\/\/amorlingua.com\/wp-content\/uploads\/2024\/04\/ayurveda-8492242_1280-min-300x200.jpg\" alt=\"\" width=\"300\" height=\"200\" srcset=\"https:\/\/amorlingua.com\/wp-content\/uploads\/2024\/04\/ayurveda-8492242_1280-min-300x200.jpg 300w, https:\/\/amorlingua.com\/wp-content\/uploads\/2024\/04\/ayurveda-8492242_1280-min-1024x682.jpg 1024w, https:\/\/amorlingua.com\/wp-content\/uploads\/2024\/04\/ayurveda-8492242_1280-min-768x512.jpg 768w, https:\/\/amorlingua.com\/wp-content\/uploads\/2024\/04\/ayurveda-8492242_1280-min-18x12.jpg 18w, https:\/\/amorlingua.com\/wp-content\/uploads\/2024\/04\/ayurveda-8492242_1280-min-600x400.jpg 600w, https:\/\/amorlingua.com\/wp-content\/uploads\/2024\/04\/ayurveda-8492242_1280-min.jpg 1280w\" sizes=\"(max-width: 300px) 100vw, 300px\" \/><\/p>\n<p>Ayurvedska medicina, koja poseban naglasak stavlja na prevenciju bolesti i pomla\u0111ivanje organizma, suvremenom \u010dovjeku omogu\u0107uje da uskladi sve sfere svog \u017eivota, \u017eivi u harmoniji s prirodnim zakonima te da po\u017eivi dugo i kvalitetno.<\/p>\n<p>Prema ajurvedi,\u00a0<strong>tri osnovne \u017eivotne energije<\/strong>\u00a0(do\u0161e) baza su za sve na\u0161e tjelesne i mentalne obrasce: VATA (Vjetar), PITTA (Vatra) i \u00a0KAPHA (Zemlja).\u00a0<strong>Kada su do\u0161e u neravnote\u017ei, uzrokuju bolest<\/strong>.<\/p>\n<p>Svojim preventivnim pristupom, ajurveda istovremeno\u00a0<strong>mo\u017ee pomo\u0107i u pravovremenom dijagnosticiranju mnogih bolesti\u00a0<\/strong>(u \u010demu posti\u017ee daleko najbolje rezultate), \u010dime se uvelike pospje\u0161uje sam proces pravodobnog lije\u010denja te izbjegavaju ili olak\u0161avaju kasnije te\u017ee manifestacije bolesti.<\/p>\n<p><strong>Pravilna prehrana predstavlja bitan dio ajurvedske medicine.<\/strong>\u00a0Ajurveda zagovara vegetarijansku prehranu, premda se u terapijske svrhe mogu propisati i namirnice \u017eivotinjskog podrijetla. Ajurvedski na\u010din pripreme i kombiniranja namirnica ima\u00a0<strong>blagotvoran utjecaj na tijelo, te mo\u017ee sprije\u010diti mnoge bolesti<\/strong>.<\/p>\n<p>Namirnice koje se koriste u ajurvedskoj prehrani\u00a0<strong>isklju\u010divo su iz ekolo\u0161kog i organskog uzgoja<\/strong>, jer iza ajurvedske kuhinje stoji ideja cjelovitog zdravlja i prevencije bolesti, \u0161to je nemogu\u0107e ostvariti, ako u tijelo unosimo tvorni\u010dki obra\u0111enu hranu.\u00a0<strong>Kvaliteta onoga \u0161to jedemo vrlo je va\u017ena<\/strong>, no jo\u0161 je va\u017enije pravilno probaviti hranu, kako bismo iz nje asimilirali sve nutrijente potrebne za pravilno funkcioniranje organizma.<\/p>\n<p>Usprkos mnogim pravilima koja se ti\u010du kombiniranja hrane,\u00a0<strong>ajurvedska kuhinja nije jednoli\u010dna i dosadna<\/strong>. Pravi ajurvedski obrok na tanjuru sadr\u017ei sve okuse, a zbog zanimljivog na\u010dina kombiniranja tipi\u010dnih indijskih i lokalnih za\u010dina, zadovoljava i nepca najve\u0107ih sladokusaca.<\/p>\n<p><img decoding=\"async\" class=\"alignnone size-medium wp-image-11237\" src=\"https:\/\/amorlingua.com\/wp-content\/uploads\/2024\/04\/ai-generated-8221963_1280-min-300x168.png\" alt=\"\" width=\"300\" height=\"168\" srcset=\"https:\/\/amorlingua.com\/wp-content\/uploads\/2024\/04\/ai-generated-8221963_1280-min-300x168.png 300w, https:\/\/amorlingua.com\/wp-content\/uploads\/2024\/04\/ai-generated-8221963_1280-min-1024x574.png 1024w, https:\/\/amorlingua.com\/wp-content\/uploads\/2024\/04\/ai-generated-8221963_1280-min-768x430.png 768w, https:\/\/amorlingua.com\/wp-content\/uploads\/2024\/04\/ai-generated-8221963_1280-min-18x10.png 18w, https:\/\/amorlingua.com\/wp-content\/uploads\/2024\/04\/ai-generated-8221963_1280-min-600x336.png 600w, https:\/\/amorlingua.com\/wp-content\/uploads\/2024\/04\/ai-generated-8221963_1280-min.png 1280w\" sizes=\"(max-width: 300px) 100vw, 300px\" \/><\/p>\n<p><strong>Panchakarma tretman<\/strong><br \/>\nAyurveda je najbolja opcija u podru\u010dju holisti\u010dke medicine, pru\u017eaju\u0107i duboko razumijevanje kako odr\u017eati tijelo u harmoniji i ravnote\u017ei. Panchakarma je glavni dio ayurvedske terapije i postaje sve poznatija kao sna\u017ean na\u010din \u010di\u0161\u0107enja i revitalizacije tijela, uma i du\u0161e. Nirmal Ayurved prednja\u010di u ponudi neusporedivog Panchakarma tretmana u Delhiju.<\/p>\n<p><strong>\u0160to je Panchakarma tretman?<\/strong><br \/>\nPanchakarma zna\u010di &#8220;pet radnji&#8221; na sanskrtu. To je sveobuhvatna ayurvedska strategija lije\u010denja koja ima za cilj vratiti prirodnu ravnote\u017eu tijela i detoksikirati ga. Sastoji se od nekoliko tehnika detoksikacije koje uklanjaju nakupljene toksine i podr\u017eavaju cjelokupno zdravlje. Osnovna ideja Panchakarme je lije\u010diti bolesti iznutra prema van, a ne samo lije\u010diti njihove simptome.<\/p>\n<p><img loading=\"lazy\" decoding=\"async\" class=\"alignnone size-medium wp-image-11240\" src=\"https:\/\/amorlingua.com\/wp-content\/uploads\/2024\/04\/ayurveda-8492241_1280-min-300x200.jpg\" alt=\"\" width=\"300\" height=\"200\" srcset=\"https:\/\/amorlingua.com\/wp-content\/uploads\/2024\/04\/ayurveda-8492241_1280-min-300x200.jpg 300w, https:\/\/amorlingua.com\/wp-content\/uploads\/2024\/04\/ayurveda-8492241_1280-min-1024x682.jpg 1024w, https:\/\/amorlingua.com\/wp-content\/uploads\/2024\/04\/ayurveda-8492241_1280-min-768x512.jpg 768w, https:\/\/amorlingua.com\/wp-content\/uploads\/2024\/04\/ayurveda-8492241_1280-min-18x12.jpg 18w, https:\/\/amorlingua.com\/wp-content\/uploads\/2024\/04\/ayurveda-8492241_1280-min-600x400.jpg 600w, https:\/\/amorlingua.com\/wp-content\/uploads\/2024\/04\/ayurveda-8492241_1280-min.jpg 1280w\" sizes=\"(max-width: 300px) 100vw, 300px\" \/><\/p>\n<p><strong>Panchakarma tretmani i terapije:<\/strong><\/p>\n<ul>\n<li><strong>Abhyanga &#8211; 10 sati\u00a0<\/strong><br \/>\nMasa\u017ea tijela ljekovitim uljima, lije\u010denje neurolo\u0161kih i ko\u017enih oboljenja. Abhyanga je masa\u017ea koja se radi toplim uljem. Ulje se nanosi na cijelo tijelo, od vlasi\u0161ta do tabana. To je najpopularnija masa\u017ea u Ayurvedi, tradicionalnom sustavu medicine iz Indije. Ayurveda se usredoto\u010duje na o\u010duvanje zdravlja kroz prirodne prakse kao \u0161to su masa\u017ea i ono \u0161to jedete.\u00a0Abhyanga izravno djeluje na mi\u0161i\u0107e, ligamente i ko\u017eu te kona\u010dno na krvne \u017eile oko zgloba koljena, \u010dini ih sna\u017enima i hrani dublje mi\u0161i\u0107e, ligamente.<\/li>\n<li><strong>Shirodhara &#8211; 10 sati<br \/>\n<\/strong>To je postupak koji otvara kanale u mozgu i time pobolj\u0161ava njegovu funkcionalnost. Poma\u017ee u lije\u010denju svih neurolo\u0161kih i psihijatrijskih poreme\u0107aja. Shirodhara dolazi od dvije sanskrtske rije\u010di &#8220;shiro&#8221; (glava) i &#8220;dhara&#8221; (tok). To je ayurvedska tehnika iscjeljivanja koja uklju\u010duje da vam netko izlije teku\u0107inu &#8211; obi\u010dno ulje, mlijeko, mla\u0107enicu ili vodu &#8211; na va\u0161e \u010delo. \u010cesto se kombinira s masa\u017eom tijela, vlasi\u0161ta ili glave.<\/li>\n<li><strong>Nasja -10 sati<br \/>\n<\/strong>Nasya je postupak ukapavanja ljekovitih kapi u nos koji poma\u017ee u lije\u010denju ve\u0107ine neurolo\u0161kih poreme\u0107aja. Nos je vrata svijesti i put do na\u0161e unutarnje ljekarne. Lijekovi koji se daju kroz nosne prolaze utje\u010du na um, prana vatu, tarpaka kaphu, sadhaka pittu i majja dhatu.<\/li>\n<li><strong>Kati Basti &#8211; 10 sati<br \/>\n<\/strong>Kati Basti postupak je posebno osmi\u0161ljen za pacijente koji pate od bolova u le\u0111ima, i\u0161ijasa i drugih neurolo\u0161kih problema vezanih uz le\u0111a i le\u0111nu mo\u017edinu. Kati Basti postupak je posebno osmi\u0161ljen za pacijente koji pate od bolova u le\u0111ima, i\u0161ijasa i drugih neurolo\u0161kih problema vezanih uz le\u0111a i le\u0111nu mo\u017edinu.<\/li>\n<li><strong>Janu Basti &#8211; 5 sati<br \/>\n<\/strong>Janu Basti poma\u017ee u smanjenju bolova u zglobovima koljena i pobolj\u0161ava raspon pokreta zglobova. Zadr\u017eavanje ljekovitog ulja unutar posebne Janu Basti opreme preko zgloba koljena odre\u0111eno vrijeme poznato je pod imenom Janu Basti.<\/li>\n<li><strong>Terapija pijavicama &#8211; 5 sati<br \/>\n<\/strong>Terapija pijavicama uklju\u010duje primjenu pijavice na mjesto lezije radi uklanjanja ne\u010diste krvi. Od vremena starog Egipta pijavice su se koristile u medicini za lije\u010denje abnormalnosti \u017eiv\u010danog sustava, problema sa zubima, ko\u017enih bolesti i infekcija. Trenuta\u010dno terapija pijavicama do\u017eivljava preporod zbog jednostavnog i jeftinog na\u010dina sprje\u010davanja komplikacija.<\/li>\n<li><strong>Pinda Sweda . 10 sati\u00a0<\/strong><br \/>\nSmanjuje upalu zglobova i poma\u017ee u ubla\u017eavanju bolova. Korisno kod artritisa i drugih bolnih poreme\u0107aja. Zadr\u017eavanje ljekovitog ulja unutar posebne Janu Basti opreme preko zgloba koljena odre\u0111eno vrijeme poznato je pod imenom Janu Basti.<\/li>\n<\/ul>\n<p><img loading=\"lazy\" decoding=\"async\" class=\"alignnone size-medium wp-image-11242\" src=\"https:\/\/amorlingua.com\/wp-content\/uploads\/2024\/04\/head-massage-3530560_1280-min-300x200.jpg\" alt=\"\" width=\"300\" height=\"200\" srcset=\"https:\/\/amorlingua.com\/wp-content\/uploads\/2024\/04\/head-massage-3530560_1280-min-300x200.jpg 300w, https:\/\/amorlingua.com\/wp-content\/uploads\/2024\/04\/head-massage-3530560_1280-min-1024x682.jpg 1024w, https:\/\/amorlingua.com\/wp-content\/uploads\/2024\/04\/head-massage-3530560_1280-min-768x512.jpg 768w, https:\/\/amorlingua.com\/wp-content\/uploads\/2024\/04\/head-massage-3530560_1280-min-18x12.jpg 18w, https:\/\/amorlingua.com\/wp-content\/uploads\/2024\/04\/head-massage-3530560_1280-min-600x400.jpg 600w, https:\/\/amorlingua.com\/wp-content\/uploads\/2024\/04\/head-massage-3530560_1280-min.jpg 1280w\" sizes=\"(max-width: 300px) 100vw, 300px\" \/><\/p>\n<p><strong>Prednosti tretmana Panchakarma<\/strong><br \/>\nPostoje mnoge dobrobiti panchakarma tretmana kao \u0161to su:<\/p>\n<ul>\n<li><strong>Pomla\u0111ivanje tkiva<\/strong><br \/>\nPanchakarma tretmani poti\u010du obnovu tkiva na stani\u010dnoj razini, produ\u017euju\u0107i \u017eivot i odga\u0111aju\u0107i proces starenja. Panchakarma slu\u017ei i kao terapeutski i kao preventivni tretman zbog ove zna\u010dajke.<\/li>\n<li><strong>Bolja probava<\/strong><br \/>\nPobolj\u0161anje probavnog zdravlja glavni je cilj mnogih Panchakarma tretmana. Ovi tretmani poma\u017eu u pobolj\u0161anoj probavi i apsorpciji hranjivih tvari osloba\u0111anjem probavnog trakta od nakupljenih toksina.<\/li>\n<li><strong>Detoksikacija i \u010di\u0161\u0107enje<\/strong><br \/>\nU Panchakarma terapijama koristi se nekoliko tehnika \u010di\u0161\u0107enja kako bi se tijelo oslobodilo toksina. Ovaj postupak poma\u017ee u osiguravanju najboljeg funkcioniranja organa podr\u017eavaju\u0107i prirodnu sposobnost tijela da se oslobodi otpada i zaga\u0111iva\u010da.<\/li>\n<li><strong>Dosha balansiranje<\/strong><br \/>\nPrema Ayurvedi, fizi\u010dku i psihi\u010dku konstituciju pojedinca odre\u0111uju tri do\u0161e: Pitta, Kapha i Vata. Cilj panchakarma terapija je uskladiti ove do\u0161e kako bi se pospje\u0161ila harmonija i odgodila pojava bolesti povezanih s neravnote\u017eom do\u0161a.<\/li>\n<li><strong>Smanjenje stresa<\/strong><br \/>\nSveobuhvatna metoda panchakarme uz fizi\u010dko zdravlje uzima u obzir mentalno i emocionalno zdravlje. Terapija smanjuje napetost, umor i zabrinutost te poti\u010de emocionalnu stabilnost i mentalnu jasno\u0107u.<\/li>\n<li><strong>Pobolj\u0161ana vitalnost<\/strong><br \/>\nEnergetski putevi postaju jasniji kada se toksini eliminiraju iz tijela, \u010dime se pove\u0107ava vitalnost i razina energije. Klju\u010d za postizanje idealnog zdravlja je ova obnova.<\/li>\n<\/ul>\n<div class=\"info-box-inner set-cont-mb-s reset-last-child\" data-elementor-setting-key=\"content\">\n<p><img loading=\"lazy\" decoding=\"async\" class=\"alignnone size-medium wp-image-11234\" src=\"https:\/\/amorlingua.com\/wp-content\/uploads\/2024\/04\/ai-generated-8221927_1280-min-300x300.png\" alt=\"\" width=\"300\" height=\"300\" srcset=\"https:\/\/amorlingua.com\/wp-content\/uploads\/2024\/04\/ai-generated-8221927_1280-min-300x300.png 300w, https:\/\/amorlingua.com\/wp-content\/uploads\/2024\/04\/ai-generated-8221927_1280-min-1024x1024.png 1024w, https:\/\/amorlingua.com\/wp-content\/uploads\/2024\/04\/ai-generated-8221927_1280-min-150x150.png 150w, https:\/\/amorlingua.com\/wp-content\/uploads\/2024\/04\/ai-generated-8221927_1280-min-768x768.png 768w, https:\/\/amorlingua.com\/wp-content\/uploads\/2024\/04\/ai-generated-8221927_1280-min-12x12.png 12w, https:\/\/amorlingua.com\/wp-content\/uploads\/2024\/04\/ai-generated-8221927_1280-min-100x100.png 100w, https:\/\/amorlingua.com\/wp-content\/uploads\/2024\/04\/ai-generated-8221927_1280-min-600x600.png 600w, https:\/\/amorlingua.com\/wp-content\/uploads\/2024\/04\/ai-generated-8221927_1280-min.png 1280w\" sizes=\"(max-width: 300px) 100vw, 300px\" \/><\/p>\n<p><strong>Fokus Panchakarma tretmana<\/strong><\/p>\n<ul>\n<li><strong>Prilago\u0111eni pristup<\/strong><br \/>\nNirmal Ayurved lije\u010di pacijente s Panchakarmom na prilago\u0111en na\u010din jer su svi oni individualci. Dr. Prashant Jain pa\u017eljivo procjenjuje konstituciju, povijest bolesti i jedinstvene zdravstvene probleme pacijenata kako bi izradio plan Panchakarme koji je posebno prilago\u0111en potrebama svakog pacijenta.<\/li>\n<li><strong>Konvencionalne metode<\/strong><br \/>\nPa\u017eljivo primijenjeni lijekovi za najbolji Panchakarma tretman.<\/li>\n<li><strong>Holisti\u010dki wellness<\/strong><br \/>\nNirmal Ayurved nagla\u0161ava holisti\u010dki aspekt Panchakarme, nadilaze\u0107i lije\u010denje odre\u0111enih zdravstvenih stanja. Cilj tretmana je promicanje op\u0107e dobrobiti kroz uspostavljanje ravnote\u017ee na svim razinama kao \u0161to su mentalna, duhovna i fizi\u010dka.<\/li>\n<\/ul>\n<\/div>\n<p><img loading=\"lazy\" decoding=\"async\" class=\"alignnone size-medium wp-image-11243\" src=\"https:\/\/amorlingua.com\/wp-content\/uploads\/2024\/04\/pexels-cottonbro-5416013-min-300x200.jpg\" alt=\"\" width=\"300\" height=\"200\" srcset=\"https:\/\/amorlingua.com\/wp-content\/uploads\/2024\/04\/pexels-cottonbro-5416013-min-300x200.jpg 300w, https:\/\/amorlingua.com\/wp-content\/uploads\/2024\/04\/pexels-cottonbro-5416013-min-1024x683.jpg 1024w, https:\/\/amorlingua.com\/wp-content\/uploads\/2024\/04\/pexels-cottonbro-5416013-min-768x512.jpg 768w, https:\/\/amorlingua.com\/wp-content\/uploads\/2024\/04\/pexels-cottonbro-5416013-min-1536x1024.jpg 1536w, https:\/\/amorlingua.com\/wp-content\/uploads\/2024\/04\/pexels-cottonbro-5416013-min-2048x1365.jpg 2048w, https:\/\/amorlingua.com\/wp-content\/uploads\/2024\/04\/pexels-cottonbro-5416013-min-18x12.jpg 18w, https:\/\/amorlingua.com\/wp-content\/uploads\/2024\/04\/pexels-cottonbro-5416013-min-600x400.jpg 600w\" sizes=\"(max-width: 300px) 100vw, 300px\" \/><\/p>","protected":false},"excerpt":{"rendered":"<p>Ajurvedska medicina &#8211; Ayurveda Ayurveda je najraniji medicinski sustav poznat ljudskome rodu, iz kojeg su proiza\u0161li svi kasniji sustavi lije\u010denja. Sam izraz\u00a0ayurveda\u00a0zna\u010di \u2018znanost o \u017eivotu\u2019, a njezino polje interesa je cjelovito zdravlje kao temelj svega ostalog. Ayurveda vjeruje da se skladnim su\u017eivotom s prirodom te odr\u017eavanjem ravnote\u017ee izme\u0111u tijela, psihe i duha posti\u017eu vitalnost i [&hellip;]<\/p>\n","protected":false},"featured_media":11235,"template":"","meta":{"om_disable_all_campaigns":false,"_monsterinsights_skip_tracking":false,"_monsterinsights_sitenote_active":false,"_monsterinsights_sitenote_note":"","_monsterinsights_sitenote_category":0,"_uf_show_specific_survey":0,"_uf_disable_surveys":false,"h5ap_radio_sources":[]},"product_brand":[],"product_cat":[30],"product_tag":[],"class_list":{"0":"post-11231","1":"product","2":"type-product","3":"status-publish","4":"has-post-thumbnail","6":"product_cat-specijalizirani-tecajevi","8":"entry","9":"has-media","11":"first","12":"instock","13":"shipping-taxable","14":"purchasable","15":"product-type-simple","16":"has-product-nav","17":"col","18":"span_1_of_3","19":"owp-content-center","20":"owp-thumbs-layout-horizontal","21":"owp-btn-big","22":"owp-tabs-layout-section"},"_links":{"self":[{"href":"https:\/\/amorlingua.com\/en\/wp-json\/wp\/v2\/product\/11231","targetHints":{"allow":["GET"]}}],"collection":[{"href":"https:\/\/amorlingua.com\/en\/wp-json\/wp\/v2\/product"}],"about":[{"href":"https:\/\/amorlingua.com\/en\/wp-json\/wp\/v2\/types\/product"}],"wp:featuredmedia":[{"embeddable":true,"href":"https:\/\/amorlingua.com\/en\/wp-json\/wp\/v2\/media\/11235"}],"wp:attachment":[{"href":"https:\/\/amorlingua.com\/en\/wp-json\/wp\/v2\/media?parent=11231"}],"wp:term":[{"taxonomy":"product_brand","embeddable":true,"href":"https:\/\/amorlingua.com\/en\/wp-json\/wp\/v2\/product_brand?post=11231"},{"taxonomy":"product_cat","embeddable":true,"href":"https:\/\/amorlingua.com\/en\/wp-json\/wp\/v2\/product_cat?post=11231"},{"taxonomy":"product_tag","embeddable":true,"href":"https:\/\/amorlingua.com\/en\/wp-json\/wp\/v2\/product_tag?post=11231"}],"curies":[{"name":"wp","href":"https:\/\/api.w.org\/{rel}","templated":true}]}}