{"id":11104,"date":"2023-10-20T11:27:18","date_gmt":"2023-10-20T11:27:18","guid":{"rendered":"https:\/\/www.amorlingua.com\/?post_type=product&#038;p=11104"},"modified":"2023-10-23T08:09:36","modified_gmt":"2023-10-23T08:09:36","slug":"pripreme-za-maturu-fizika","status":"publish","type":"product","link":"https:\/\/amorlingua.com\/en\/\u0161kola\/pripreme-za-maturu-fizika\/","title":{"rendered":"PRIPREME ZA MATURU &#8211; FIZIKA"},"content":{"rendered":"<h2>PRIPREME ZA MATURU &#8211; FIZIKA<\/h2>\n<p>Iako je fizika izborni predmet na dr\u017eavnoj maturi, za mnoge fakultete je ba\u0161 ona potrebna kako biste ostvarili \u017eeljeni upis.<\/p>\n<p>Dru\u0161tveno uvrije\u017eeno mi\u0161ljene je kako je fizika te\u0161ka i komplicirana, no na\u0161 tim profesora \u0107e Vas uspje\u0161no razuvjeriti ukoliko i Vi smatrate sli\u010dno.<\/p>\n<p>Na\u0161i profesori imaju dugogodi\u0161nje iskustvo, a time i znanje kako mladima pribli\u017eiti fascinantna prostranstva fizike koja nas okru\u017euje.<\/p>\n<p>Fizika je prirodna znanost koja prou\u010dava fundamentalne osnove prirode i na taj na\u010din utje\u010de na sve ostale znanosti, a tako i na na\u0161u percepciju svijeta.<br \/>\nTehni\u010dke inovacije se razvijaju iz dana, a njihovo poznavanje nam uvelike poma\u017ee u razumijevanju na\u0161e okoline, svijeta i \u017eivota.<\/p>\n<p>&nbsp;<\/p>\n<h2>CJELINE:<\/h2>\n<ol>\n<li>Titranje, valovi i optika<\/li>\n<li>Termodinamika<\/li>\n<li>Elektromagnetizam<\/li>\n<li>Mehanika<\/li>\n<li>Moderna fizika<\/li>\n<\/ol>\n<p>&nbsp;<\/p>\n<h2>CIJENE:<\/h2>\n<table>\n<tbody>\n<tr>\n<td width=\"302\">NUMBER OF LESSONS<\/td>\n<td width=\"302\">CIJENA U EURIMA<\/td>\n<\/tr>\n<tr>\n<td width=\"302\">35 SATI<\/td>\n<td width=\"302\">150,00 \u20ac<\/td>\n<\/tr>\n<tr>\n<td width=\"302\">50 SATI<\/td>\n<td width=\"302\">210,00 \u20ac<\/td>\n<\/tr>\n<\/tbody>\n<\/table>","protected":false},"excerpt":{"rendered":"<p>PRIPREME ZA MATURU &#8211; FIZIKA Iako je fizika izborni predmet na dr\u017eavnoj maturi, za mnoge fakultete je ba\u0161 ona potrebna kako biste ostvarili \u017eeljeni upis. Dru\u0161tveno uvrije\u017eeno mi\u0161ljene je kako je fizika te\u0161ka i komplicirana, no na\u0161 tim profesora \u0107e Vas uspje\u0161no razuvjeriti ukoliko i Vi smatrate sli\u010dno. Na\u0161i profesori imaju dugogodi\u0161nje iskustvo, a time [&hellip;]<\/p>\n","protected":false},"featured_media":11105,"template":"","meta":{"om_disable_all_campaigns":false,"_monsterinsights_skip_tracking":false,"_monsterinsights_sitenote_active":false,"_monsterinsights_sitenote_note":"","_monsterinsights_sitenote_category":0,"_uf_show_specific_survey":0,"_uf_disable_surveys":false,"h5ap_radio_sources":[]},"product_brand":[],"product_cat":[42,325],"product_tag":[],"class_list":{"0":"post-11104","1":"product","2":"type-product","3":"status-publish","4":"has-post-thumbnail","6":"product_cat-instrukcije","7":"product_cat-pte-pripremni-tecaj-engleskog-jezika","9":"entry","10":"has-media","12":"first","13":"instock","14":"shipping-taxable","15":"purchasable","16":"product-type-variable","17":"has-product-nav","18":"col","19":"span_1_of_3","20":"owp-content-center","21":"owp-thumbs-layout-horizontal","22":"owp-btn-big","23":"owp-tabs-layout-section","24":"has-no-thumbnails"},"_links":{"self":[{"href":"https:\/\/amorlingua.com\/en\/wp-json\/wp\/v2\/product\/11104","targetHints":{"allow":["GET"]}}],"collection":[{"href":"https:\/\/amorlingua.com\/en\/wp-json\/wp\/v2\/product"}],"about":[{"href":"https:\/\/amorlingua.com\/en\/wp-json\/wp\/v2\/types\/product"}],"wp:featuredmedia":[{"embeddable":true,"href":"https:\/\/amorlingua.com\/en\/wp-json\/wp\/v2\/media\/11105"}],"wp:attachment":[{"href":"https:\/\/amorlingua.com\/en\/wp-json\/wp\/v2\/media?parent=11104"}],"wp:term":[{"taxonomy":"product_brand","embeddable":true,"href":"https:\/\/amorlingua.com\/en\/wp-json\/wp\/v2\/product_brand?post=11104"},{"taxonomy":"product_cat","embeddable":true,"href":"https:\/\/amorlingua.com\/en\/wp-json\/wp\/v2\/product_cat?post=11104"},{"taxonomy":"product_tag","embeddable":true,"href":"https:\/\/amorlingua.com\/en\/wp-json\/wp\/v2\/product_tag?post=11104"}],"curies":[{"name":"wp","href":"https:\/\/api.w.org\/{rel}","templated":true}]}}