{"id":11101,"date":"2023-10-20T11:29:10","date_gmt":"2023-10-20T11:29:10","guid":{"rendered":"https:\/\/www.amorlingua.com\/?post_type=product&#038;p=11101"},"modified":"2023-10-23T08:07:19","modified_gmt":"2023-10-23T08:07:19","slug":"pripreme-za-maturu-kemija","status":"publish","type":"product","link":"https:\/\/amorlingua.com\/en\/\u0161kola\/pripreme-za-maturu-kemija\/","title":{"rendered":"PRIPREME ZA MATURU &#8211; KEMIJA"},"content":{"rendered":"<h2>PRIPREME ZA MATURU &#8211; KEMIJA<\/h2>\n<p>&nbsp;<\/p>\n<p>Oduvijek vas je zanimalo kako nastaju i kako se provode promjene u prirodi i va\u0161oj okolini?<\/p>\n<p>Kemija je ta koja vam mo\u017ee dati odgovore na ta pitanja.<\/p>\n<p>U\u010dili\u0161te Amor Lingua provodi pripreme za maturu iz mnogih prirodnih znanosti pa tako i iz kemije.<\/p>\n<p>Na\u0161i profesori s dugogodi\u0161njim iskustvom i znanjem bit \u0107e vam odli\u010dan oslonac kroz ove bitne dane u va\u0161em \u017eivotu, a jo\u0161 vi\u0161e siguran izvor znanja.<\/p>\n<p>&nbsp;<\/p>\n<h2>CJELINE:<\/h2>\n<div class=\"fusion-one-half fusion-layout-column fusion-spacing-yes\">\n<div class=\"fusion-column-wrapper\">\n<ol>\n<li>elektrokemija<\/li>\n<li>vrzina kemijske reakcije i ravnote\u017ea<\/li>\n<li>kiseline, lu\u017eine, soli, Bransted-Louryjeva kiselina i baza<\/li>\n<li>gra\u0111a atoma, kemijske veze, gra\u0111a molekula i periodni sustav kemijskih elemenata<\/li>\n<li>vrste kemijskih reakcija, jednad\u017ebe kemijskih reakcija anorganskih i organskih tvari, energijski u\u010dinci kemijskih reakcija<\/li>\n<li>kemijska simbolika, stehiometrija i problemski zadatci<\/li>\n<li>tvari, agregacisjka stanja, fizikalna svojstva tvari, otopine i topljivost tvari<\/li>\n<\/ol>\n<p>&nbsp;<\/p>\n<h2>CIJENE:<\/h2>\n<table>\n<tbody>\n<tr>\n<td width=\"302\">NUMBER OF LESSONS<\/td>\n<td width=\"302\">CIJENA U EURIMA<\/td>\n<\/tr>\n<tr>\n<td width=\"302\">35 SATI<\/td>\n<td width=\"302\">150,00 \u20ac<\/td>\n<\/tr>\n<tr>\n<td width=\"302\">50 SATI<\/td>\n<td width=\"302\">210,00 \u20ac<\/td>\n<\/tr>\n<\/tbody>\n<\/table>\n<\/div>\n<\/div>","protected":false},"excerpt":{"rendered":"<p>PRIPREME ZA MATURU &#8211; KEMIJA &nbsp; Oduvijek vas je zanimalo kako nastaju i kako se provode promjene u prirodi i va\u0161oj okolini? Kemija je ta koja vam mo\u017ee dati odgovore na ta pitanja. U\u010dili\u0161te Amor Lingua provodi pripreme za maturu iz mnogih prirodnih znanosti pa tako i iz kemije. Na\u0161i profesori s dugogodi\u0161njim iskustvom i [&hellip;]<\/p>\n","protected":false},"featured_media":11102,"template":"","meta":{"om_disable_all_campaigns":false,"_monsterinsights_skip_tracking":false,"_monsterinsights_sitenote_active":false,"_monsterinsights_sitenote_note":"","_monsterinsights_sitenote_category":0,"_uf_show_specific_survey":0,"_uf_disable_surveys":false,"h5ap_radio_sources":[]},"product_brand":[],"product_cat":[42,325],"product_tag":[],"class_list":{"0":"post-11101","1":"product","2":"type-product","3":"status-publish","4":"has-post-thumbnail","6":"product_cat-instrukcije","7":"product_cat-pte-pripremni-tecaj-engleskog-jezika","9":"entry","10":"has-media","12":"first","13":"instock","14":"shipping-taxable","15":"purchasable","16":"product-type-variable","17":"has-product-nav","18":"col","19":"span_1_of_3","20":"owp-content-center","21":"owp-thumbs-layout-horizontal","22":"owp-btn-big","23":"owp-tabs-layout-section","24":"has-no-thumbnails"},"_links":{"self":[{"href":"https:\/\/amorlingua.com\/en\/wp-json\/wp\/v2\/product\/11101","targetHints":{"allow":["GET"]}}],"collection":[{"href":"https:\/\/amorlingua.com\/en\/wp-json\/wp\/v2\/product"}],"about":[{"href":"https:\/\/amorlingua.com\/en\/wp-json\/wp\/v2\/types\/product"}],"wp:featuredmedia":[{"embeddable":true,"href":"https:\/\/amorlingua.com\/en\/wp-json\/wp\/v2\/media\/11102"}],"wp:attachment":[{"href":"https:\/\/amorlingua.com\/en\/wp-json\/wp\/v2\/media?parent=11101"}],"wp:term":[{"taxonomy":"product_brand","embeddable":true,"href":"https:\/\/amorlingua.com\/en\/wp-json\/wp\/v2\/product_brand?post=11101"},{"taxonomy":"product_cat","embeddable":true,"href":"https:\/\/amorlingua.com\/en\/wp-json\/wp\/v2\/product_cat?post=11101"},{"taxonomy":"product_tag","embeddable":true,"href":"https:\/\/amorlingua.com\/en\/wp-json\/wp\/v2\/product_tag?post=11101"}],"curies":[{"name":"wp","href":"https:\/\/api.w.org\/{rel}","templated":true}]}}