{"id":938,"date":"2020-08-03T13:34:21","date_gmt":"2020-08-03T13:34:21","guid":{"rendered":"https:\/\/www.amorlingua.com\/?page_id=938"},"modified":"2020-10-21T23:12:20","modified_gmt":"2020-10-21T23:12:20","slug":"novosti","status":"publish","type":"page","link":"https:\/\/amorlingua.com\/en\/novosti\/","title":{"rendered":"News"},"content":{"rendered":"<div data-elementor-type=\"wp-page\" data-elementor-id=\"938\" class=\"elementor elementor-938\">\n\t\t\t\t\t\t<section class=\"elementor-section elementor-top-section elementor-element elementor-element-f92821d elementor-section-boxed elementor-section-height-default elementor-section-height-default\" data-id=\"f92821d\" data-element_type=\"section\" data-e-type=\"section\">\n\t\t\t\t\t\t<div class=\"elementor-container elementor-column-gap-default\">\n\t\t\t\t\t<div class=\"elementor-column elementor-col-100 elementor-top-column elementor-element elementor-element-9578221\" data-id=\"9578221\" data-element_type=\"column\" data-e-type=\"column\">\n\t\t\t<div class=\"elementor-widget-wrap elementor-element-populated\">\n\t\t\t\t\t\t<div class=\"elementor-element elementor-element-9ae239e elementor-grid-eael-col-3 elementor-grid-tablet-eael-col-2 elementor-grid-mobile-eael-col-1 elementor-widget elementor-widget-eael-post-grid\" data-id=\"9ae239e\" data-element_type=\"widget\" data-e-type=\"widget\" data-settings=\"{&quot;eael_post_grid_columns&quot;:&quot;eael-col-3&quot;,&quot;eael_post_grid_columns_tablet&quot;:&quot;eael-col-2&quot;,&quot;eael_post_grid_columns_mobile&quot;:&quot;eael-col-1&quot;}\" data-widget_type=\"eael-post-grid.default\">\n\t\t\t\t<div class=\"elementor-widget-container\">\n\t\t\t\t\t<div id=\"eael-post-grid-9ae239e\" class=\"eael-post-grid-container\">\n            <div class=\"eael-post-grid eael-post-appender eael-post-appender-9ae239e eael-post-grid-style-one\" data-layout-mode=\"masonry\"><article class=\"eael-grid-post  eael-post-grid-column eael-pg-post-1759 category-uncategorized\" data-id=\"1759\">\n        <div class=\"eael-grid-post-holder\">\n            <div class=\"eael-grid-post-holder-inner\"><div class=\"eael-entry-media\"><div class=\"eael-entry-overlay fade-in\"><i class=\"fas fa-long-arrow-alt-right\" aria-hidden=\"true\"><\/i><a href=\"https:\/\/amorlingua.com\/en\/perspektivna-karijera-u-digitalnom-marketingu-i-akcijske-cijene-vas-cekaju\/\"><\/a><\/div><div class=\"eael-entry-thumbnail\">\n                <img fetchpriority=\"high\" decoding=\"async\" width=\"300\" height=\"200\" src=\"https:\/\/amorlingua.com\/wp-content\/uploads\/2020\/11\/brooke-cagle-g1Kr4Ozfoac-unsplash-1-300x200.jpg\" class=\"attachment-medium size-medium wp-image-1762\" alt=\"\" srcset=\"https:\/\/amorlingua.com\/wp-content\/uploads\/2020\/11\/brooke-cagle-g1Kr4Ozfoac-unsplash-1-300x200.jpg 300w, https:\/\/amorlingua.com\/wp-content\/uploads\/2020\/11\/brooke-cagle-g1Kr4Ozfoac-unsplash-1-1024x683.jpg 1024w, https:\/\/amorlingua.com\/wp-content\/uploads\/2020\/11\/brooke-cagle-g1Kr4Ozfoac-unsplash-1-768x512.jpg 768w, https:\/\/amorlingua.com\/wp-content\/uploads\/2020\/11\/brooke-cagle-g1Kr4Ozfoac-unsplash-1-1536x1024.jpg 1536w, https:\/\/amorlingua.com\/wp-content\/uploads\/2020\/11\/brooke-cagle-g1Kr4Ozfoac-unsplash-1-2048x1365.jpg 2048w, https:\/\/amorlingua.com\/wp-content\/uploads\/2020\/11\/brooke-cagle-g1Kr4Ozfoac-unsplash-1-600x400.jpg 600w\" sizes=\"(max-width: 300px) 100vw, 300px\" \/>\n            <\/div>\n        <\/div><div class=\"eael-entry-wrapper\"><header class=\"eael-entry-header\"><h2 class=\"eael-entry-title\"><a class=\"eael-grid-post-link\" href=\"https:\/\/amorlingua.com\/en\/perspektivna-karijera-u-digitalnom-marketingu-i-akcijske-cijene-vas-cekaju\/\" title=\"A promising career in digital marketing and special prices are waiting for you!\">A promising career in digital marketing and special prices are waiting for you!<\/a><\/h2><\/header><div class=\"eael-entry-content\">\n                        <div class=\"eael-grid-post-excerpt\"><p>Do you want to change your career or supplement your current knowledge in digital marketing?...<\/p><a href=\"https:\/\/amorlingua.com\/en\/perspektivna-karijera-u-digitalnom-marketingu-i-akcijske-cijene-vas-cekaju\/\" class=\"eael-post-elements-readmore-btn\">Continue reading<\/a><\/div>\n                    <\/div><div class=\"eael-entry-footer\"><div class=\"eael-entry-meta\"><\/div><\/div><\/div><\/div>\n        <\/div>\n    <\/article><article class=\"eael-grid-post  eael-post-grid-column eael-pg-post-1131 category-uncategorized\" data-id=\"1131\">\n        <div class=\"eael-grid-post-holder\">\n            <div class=\"eael-grid-post-holder-inner\"><div class=\"eael-entry-media\"><div class=\"eael-entry-overlay fade-in\"><i class=\"fas fa-long-arrow-alt-right\" aria-hidden=\"true\"><\/i><a href=\"https:\/\/amorlingua.com\/en\/kako-prepoznati-i-odabrati-kvalitetnu-skolu-stranih-jezika\/\"><\/a><\/div><div class=\"eael-entry-thumbnail\">\n                <img decoding=\"async\" width=\"300\" height=\"231\" src=\"https:\/\/amorlingua.com\/wp-content\/uploads\/2020\/07\/pexels-photo-220051-300x231.jpeg\" class=\"attachment-medium size-medium wp-image-582\" alt=\"\" srcset=\"https:\/\/amorlingua.com\/wp-content\/uploads\/2020\/07\/pexels-photo-220051-300x231.jpeg 300w, https:\/\/amorlingua.com\/wp-content\/uploads\/2020\/07\/pexels-photo-220051-600x462.jpeg 600w, https:\/\/amorlingua.com\/wp-content\/uploads\/2020\/07\/pexels-photo-220051-1024x788.jpeg 1024w, https:\/\/amorlingua.com\/wp-content\/uploads\/2020\/07\/pexels-photo-220051-768x591.jpeg 768w, https:\/\/amorlingua.com\/wp-content\/uploads\/2020\/07\/pexels-photo-220051-1536x1182.jpeg 1536w, https:\/\/amorlingua.com\/wp-content\/uploads\/2020\/07\/pexels-photo-220051.jpeg 1949w\" sizes=\"(max-width: 300px) 100vw, 300px\" \/>\n            <\/div>\n        <\/div><div class=\"eael-entry-wrapper\"><header class=\"eael-entry-header\"><h2 class=\"eael-entry-title\"><a class=\"eael-grid-post-link\" href=\"https:\/\/amorlingua.com\/en\/kako-prepoznati-i-odabrati-kvalitetnu-skolu-stranih-jezika\/\" title=\"How to recognize and choose a quality foreign language school?\">How to recognize and choose a quality foreign language school?<\/a><\/h2><\/header><div class=\"eael-entry-content\">\n                        <div class=\"eael-grid-post-excerpt\"><p>There is no city in Croatia that does not have at least a few schools...<\/p><a href=\"https:\/\/amorlingua.com\/en\/kako-prepoznati-i-odabrati-kvalitetnu-skolu-stranih-jezika\/\" class=\"eael-post-elements-readmore-btn\">Continue reading<\/a><\/div>\n                    <\/div><div class=\"eael-entry-footer\"><div class=\"eael-entry-meta\"><\/div><\/div><\/div><\/div>\n        <\/div>\n    <\/article><article class=\"eael-grid-post  eael-post-grid-column eael-pg-post-1043 category-uncategorized\" data-id=\"1043\">\n        <div class=\"eael-grid-post-holder\">\n            <div class=\"eael-grid-post-holder-inner\"><div class=\"eael-entry-media\"><div class=\"eael-entry-overlay fade-in\"><i class=\"fas fa-long-arrow-alt-right\" aria-hidden=\"true\"><\/i><a href=\"https:\/\/amorlingua.com\/en\/%f0%9f%98%8d%e2%98%80%ef%b8%8f%f0%9f%a4%a9upisi-u-tijeku%f0%9f%a5%b3%f0%9f%a5%b0%f0%9f%92%aa\/\"><\/a><\/div><div class=\"eael-entry-thumbnail\">\n                <img decoding=\"async\" width=\"300\" height=\"200\" src=\"https:\/\/amorlingua.com\/wp-content\/uploads\/2020\/08\/pexels-photo-2277784-300x200.jpeg\" class=\"attachment-medium size-medium wp-image-1044\" alt=\"\" srcset=\"https:\/\/amorlingua.com\/wp-content\/uploads\/2020\/08\/pexels-photo-2277784-300x200.jpeg 300w, https:\/\/amorlingua.com\/wp-content\/uploads\/2020\/08\/pexels-photo-2277784-600x400.jpeg 600w, https:\/\/amorlingua.com\/wp-content\/uploads\/2020\/08\/pexels-photo-2277784-1024x683.jpeg 1024w, https:\/\/amorlingua.com\/wp-content\/uploads\/2020\/08\/pexels-photo-2277784-768x512.jpeg 768w, https:\/\/amorlingua.com\/wp-content\/uploads\/2020\/08\/pexels-photo-2277784-1536x1024.jpeg 1536w, https:\/\/amorlingua.com\/wp-content\/uploads\/2020\/08\/pexels-photo-2277784-2048x1365.jpeg 2048w\" sizes=\"(max-width: 300px) 100vw, 300px\" \/>\n            <\/div>\n        <\/div><div class=\"eael-entry-wrapper\"><header class=\"eael-entry-header\"><h2 class=\"eael-entry-title\"><a class=\"eael-grid-post-link\" href=\"https:\/\/amorlingua.com\/en\/%f0%9f%98%8d%e2%98%80%ef%b8%8f%f0%9f%a4%a9upisi-u-tijeku%f0%9f%a5%b3%f0%9f%a5%b0%f0%9f%92%aa\/\" title=\"\ud83d\ude0d\u2600\ufe0f\ud83e\udd29!!!ENROLLMENT IN PROGRESS!!!\ud83e\udd73\ud83e\udd70\ud83d\udcaa\">\ud83d\ude0d\u2600\ufe0f\ud83e\udd29!!!ENROLLMENT IN PROGRESS!!!\ud83e\udd73\ud83e\udd70\ud83d\udcaa<\/a><\/h2><\/header><div class=\"eael-entry-content\">\n                        <div class=\"eael-grid-post-excerpt\"><p>Get a 10% discount on enrollment until August 18! \ud83d\udcb0 Global education...<\/p><a href=\"https:\/\/amorlingua.com\/en\/%f0%9f%98%8d%e2%98%80%ef%b8%8f%f0%9f%a4%a9upisi-u-tijeku%f0%9f%a5%b3%f0%9f%a5%b0%f0%9f%92%aa\/\" class=\"eael-post-elements-readmore-btn\">Continue reading<\/a><\/div>\n                    <\/div><div class=\"eael-entry-footer\"><div class=\"eael-entry-meta\"><\/div><\/div><\/div><\/div>\n        <\/div>\n    <\/article><\/div>\n            <div class=\"clearfix\"><\/div>\n        <\/div>\t\t\t\t<\/div>\n\t\t\t\t<\/div>\n\t\t\t\t\t<\/div>\n\t\t<\/div>\n\t\t\t\t\t<\/div>\n\t\t<\/section>\n\t\t\t\t<\/div>","protected":false},"excerpt":{"rendered":"<p>Kako prepoznati i odabrati kvalitetnu \u0161kolu stranih jezika? U Hrvatskoj ne postoji grad koji nema barem nekoliko \u0161kola&#8230; Nastavite \u010ditati \ud83d\ude0d\u2600\ufe0f\ud83e\udd29!!!UPISI U TIJEKU!!!\ud83e\udd73\ud83e\udd70\ud83d\udcaa Ostvari 10% popusta na upis do 18. kolovoza!&nbsp;\ud83d\udcb0 Globalno obrazovanje&#8230; Nastavite \u010ditati<\/p>","protected":false},"author":1,"featured_media":0,"parent":0,"menu_order":0,"comment_status":"closed","ping_status":"closed","template":"","meta":{"om_disable_all_campaigns":false,"_monsterinsights_skip_tracking":false,"_monsterinsights_sitenote_active":false,"_monsterinsights_sitenote_note":"","_monsterinsights_sitenote_category":0,"_uf_show_specific_survey":0,"_uf_disable_surveys":false,"h5ap_radio_sources":[],"footnotes":""},"class_list":["post-938","page","type-page","status-publish","hentry","entry","has-media","owp-thumbs-layout-horizontal","owp-btn-big","owp-tabs-layout-section","has-no-thumbnails","has-product-nav"],"_links":{"self":[{"href":"https:\/\/amorlingua.com\/en\/wp-json\/wp\/v2\/pages\/938","targetHints":{"allow":["GET"]}}],"collection":[{"href":"https:\/\/amorlingua.com\/en\/wp-json\/wp\/v2\/pages"}],"about":[{"href":"https:\/\/amorlingua.com\/en\/wp-json\/wp\/v2\/types\/page"}],"author":[{"embeddable":true,"href":"https:\/\/amorlingua.com\/en\/wp-json\/wp\/v2\/users\/1"}],"replies":[{"embeddable":true,"href":"https:\/\/amorlingua.com\/en\/wp-json\/wp\/v2\/comments?post=938"}],"version-history":[{"count":0,"href":"https:\/\/amorlingua.com\/en\/wp-json\/wp\/v2\/pages\/938\/revisions"}],"wp:attachment":[{"href":"https:\/\/amorlingua.com\/en\/wp-json\/wp\/v2\/media?parent=938"}],"curies":[{"name":"wp","href":"https:\/\/api.w.org\/{rel}","templated":true}]}}