{"id":785,"date":"2020-07-10T08:43:28","date_gmt":"2020-07-10T08:43:28","guid":{"rendered":"https:\/\/www.amorlingua.com\/?page_id=785"},"modified":"2024-01-29T13:03:09","modified_gmt":"2024-01-29T13:03:09","slug":"opci-uvjeti","status":"publish","type":"page","link":"https:\/\/amorlingua.com\/en\/opci-uvjeti\/","title":{"rendered":"General Conditions"},"content":{"rendered":"<p>\u010clanak 1. Podaci o pru\u017eatelju usluga obrazovanja<\/p>\n\n\n\n<p>1.1. Pru\u017eatelj usluga obrazovanja (dalje u tekstu: U\u010dili\u0161te) jest&nbsp;U\u010dili\u0161te Amor Lingua, ustanova za obrazovanje odraslih sa sjedi\u0161tem u ulici Gajeva 2a, Sesvete \u2013 Zagreb, OIB 64363105320, mati\u010dni broj poslovnog subjekta 5291712. <\/p>\n\n\n\n<p>1.2. Ukoliko nije druga\u010dije utvr\u0111eno ovim Op\u0107im uvjetima o pru\u017eanju usluga U\u010dili\u0161ta Amor Lingua, sva se komunikacija s U\u010dili\u0161tem, mo\u017ee odvijati pisanim putem na adresu U\u010dili\u0161ta, Sesvete, Zagreb, Gajeva 2a, elektroni\u010dkom po\u0161tom na adresu <a href=\"mailto:info@amorlingua.com\">info@amorlingua.com<\/a> te na broj telefona: +385 (0) 1 581 0 809 ili +385 (0)95 549 1 497.<\/p>\n\n\n\n<p>\u010clanak 2. Prijave i sklapanje ugovora<\/p>\n\n\n\n<p>2.1. Op\u0107i uvjeti Ugovora o poha\u0111anju nastave programa osposobljavanja ili usavr\u0161avanja i programa&nbsp;&nbsp; u\u010denja stranih jezika (dalje u tekstu: programa obrazovanja) sastavljeni su u skladu s va\u017ee\u0107im propisima Republike Hrvatske (Zakona o obrazovanju odraslih, Zakona o za\u0161titi potro\u0161a\u010da, Zakona o obveznim odnosima, Zakona o uslugama, te u skladu sa Op\u0107om uredbom o za\u0161titi podataka (GDPR) i Zakona o provedbi Op\u0107e uredbe o za\u0161titi podataka, kao i ostalih va\u017ee\u0107ih propisa u obrazovanju odraslih). Op\u0107e uvjete potpisom Ugovora prihva\u0107aju U\u010dili\u0161te Amor Lingua i Polaznik nastave.<\/p>\n\n\n\n<p>2.2. Polaznik svojim potpisom Ugovora potvr\u0111uje ispravnost danih podataka. Ukoliko do\u0111e do promjene podataka za vrijeme trajanja Ugovora, Polaznik je du\u017ean obavijestiti U\u010dili\u0161te pismenim putem ili e-po\u0161tom. U suprotnom, Polaznik snosi \u0161tetu koja mo\u017ee nastati upotrebom neispravnih podataka. U\u010dili\u0161te obra\u0111uje samo one podatke Polaznika koji su potrebni za realizaciju obrazovnog programa.<\/p>\n\n\n\n<p>2.3. Polaznik svojim potpisom Ugovora potvr\u0111uje da je upoznat s programom obrazovanja i cijenom istog.<\/p>\n\n\n\n<p>2.4. Polaznik svojim potpisom Ugovora potvr\u0111uje da je upoznat s formiranjem grupa prema obrazovnim standardima Ministarstva obrazovanja Republike Hrvatske.<\/p>\n\n\n\n<p>2.5. Polaznik se svojim potpisom Ugovora obvezuje na redovito poha\u0111anje nastave.<\/p>\n\n\n\n<p>2.6. U\u010dili\u0161te ne snosi odgovornost za sporna pitanja koja mogu proiza\u0107i ukoliko Polaznik nije pro\u010ditao Op\u0107e uvjete obrazovanja.<\/p>\n\n\n\n<p>\u010clanak 3. Cijene i uvjeti pla\u0107anja<\/p>\n\n\n\n<p>3.1. Polaznik svojim potpisom prihva\u0107a Op\u0107e uvjete te se obvezuje na pla\u0107anje ukupnog iznosa \u0161kolarine. Umjesto Polaznika, \u0161kolarinu mo\u017ee platiti i pravna ili fizi\u010dka osoba koja je pristala snositi tro\u0161kove \u0161kolarine za Polaznika.<\/p>\n\n\n\n<p>3.2. \u0160kolarinu je mogu\u0107e platiti gotovinom, kreditnom\/debitnom karticom te transakcijskim ra\u010dunom. \u0160kolarinu je mogu\u0107e platiti jednokratno ili obro\u010dno&nbsp; putem kreditnih\/debitnih kartica ili gotovinskim ratama. Kreditnim\/debitnim karticama mogu\u0107e je platiti na 12 rata, a gotovinskim ratama mogu\u0107e je platiti od 4 do 11 mjese\u010dnih rata. Ukoliko se Polaznik odlu\u010di na pla\u0107anje gotovinskim ratama, U\u010dili\u0161te je du\u017eno osigurati uredno pla\u0107anje \u0161kolarine, ili predajom va\u017ee\u0107e kreditne kartice Polaznika ili bjanko zadu\u017enice na puni iznos \u0161kolarine ovjerene kod javnog bilje\u017enika. U slu\u010daju ka\u0161njenja s pla\u0107anjem \u0161kolarine, U\u010dili\u0161te je ovla\u0161teno naplatiti nepla\u0107eni i preostali iznos \u0161kolarine putem kreditne kartice, zadu\u017enice ili pokretanjem ovr\u0161nog ili drugog sudskog postupka. U\u010dili\u0161te u tom slu\u010daju mo\u017ee isklju\u010diti Polaznika iz redovne nastave, sve do uspje\u0161ne naplate. Uplatu pojedina\u010dnih rata mogu\u0107e je izvr\u0161iti u ra\u010dunovodstvu U\u010dili\u0161ta, na adresi Karlova\u010dka 2a, 10360, Sesvete, ili putem internetskog\/mobilnog bankarstva.<\/p>\n\n\n\n<p>3.3. Polaznik je prilikom upisa du\u017ean uplatiti minimalnu upisninu koja za te\u010dajeve stranih jezika iznosi 500,00 HRK, a za specijalizirane te\u010dajeve 1000,00 HRK. Upisnina je nepovratna. Ukupna cijena programa obrazovanja izra\u017eena je u kunama i uklju\u010duje navedenu upisninu. Ukoliko je odabrao jednokratno pla\u0107anje, polaznik je du\u017ean uplatiti preostali iznos 14 dana prije po\u010detka te\u010daja. U slu\u010daju zaka\u0161njenja pla\u0107anja, U\u010dili\u0161te \u0107e podrazumijevati da je Polaznik odabrao obro\u010dno, a ne jednokratno pla\u0107anje, te obra\u010dunati \u0161kolarinu prema cijeni obro\u010dnog pla\u0107anja za gotovinske rate.<\/p>\n\n\n\n<p>3.4. U\u010dili\u0161te ima pravo raskinuti ugovor s Polaznikom u slu\u010daju nepravovremenog pla\u0107anja, nepotpisivanja Ugovora o poha\u0111anju nastave ili nemogu\u0107nosti naplate \u0161kolarine. Polaznik je du\u017ean platiti \u0161kolarinu koja vrijedi na dan upisa i potpisa Ugovora o poha\u0111anju nastave i nema pravo potra\u017eivati povrat \u0161kolarine ili dijela \u0161kolarine pozivaju\u0107i se na akcije ili popuste koji nisu bili aktualni u trenutku upisa. Polaznik je prihva\u0107anjem cijene navedene u Ugovoru potvrdio zadu\u017eenje na taj iznos.<\/p>\n\n\n\n<p>\u010clanak 4. Uvjeti upisa na U\u010dili\u0161te Amor Lingua<\/p>\n\n\n\n<p>4.1. Polaznik je du\u017ean prilikom upisa predo\u010diti dokaze o ispunjenju uvjeta upisa propisanih nastavnim planom i programom. Dokazi podrazumijevaju preslike: osobne iskaznice ili drugog va\u017ee\u0107eg osobnog dokumenta te svjedod\u017ebu, odnosno najvi\u0161u zavr\u0161enu \u0161kolu.<\/p>\n\n\n\n<p>4.2. Polaznik ostvaruje pravo upisa u program obrazovanja ukoliko zadovoljava ove uvjete: u programu u\u010denja stranih jezika prvi modul ne zahtjeva predznanje, dok moduli vi\u0161eg stupnja zahtjevaju provjeru znanja. Za upis specijaliziranih te\u010dajeva (Digitalni marketing, Web-dizajn, Suradnik u pripremi izrade i provedbe projekata financiranih iz EU fondova, Voditelj izrade i provedbe financiranih iz EU fondova, Knjigovodstvo) potrebno je imati zavr\u0161eno srednjo\u0161kolsko obrazovanje vladati znanjem o ra\u010dunalima i engleskim jezikom. Za upis specijaliziranog te\u010daja za Voditelja putovanja potrebno je imati zavr\u0161eno srednjo\u0161kolsko obrazovanje te vladati znanjem engleskog jezika. Za upis specijaliziranih te\u010dajeva (Sommelier i Filmski animator i strip-crta\u010d) potrebno je imati zavr\u0161eno srednjo\u0161kolsko obrazovanje.<\/p>\n\n\n\n<p>4.3. Potpisom Ugovora o poha\u0111anju nastave Polaznik potvr\u0111uje da je upoznat s uvjetima upisa u program obrazovanja. Ukoliko U\u010dili\u0161te naknadno utvrdi da Polaznik nema uvjete za upis u ve\u0107 zapo\u010deti program obrazovanja, U\u010dili\u0161te ne\u0107e mo\u0107i Polazniku izdati svjedo\u017ebu o zavr\u0161etku programa, te Polaznik ne\u0107e imati pravo na naknadu \u0161tete, niti povrat sredstava. Polaznik je i dalje du\u017ean platiti ukupan iznos \u0161kolarine.<\/p>\n\n\n\n<p>\u010clanak 5. Uvjeti poha\u0111anja nastave<\/p>\n\n\n\n<p>5.1. Nastavni program sastoji se od predavanja unaprijed odre\u0111enih rasporedom U\u010dili\u0161ta.<\/p>\n\n\n\n<p>5.2. Poha\u0111anje nastave je obavezno, osim u slu\u010daju poha\u0111anja programa obrazovanja unutar kojih je obrazovnim programom predvi\u0111eno samostalno u\u010denje.<\/p>\n\n\n\n<p>5.3. Polaznik ima pravo na ukupno 3 nedolaska na nastavu bez slu\u017ebenog opravdanja. Ukoliko Polaznik izostane vi\u0161e od 3 puta, potrebno je nedolazak opravdati pismeno ili e-mailom i to najkasnije jedan dan nakon izostanka.<\/p>\n\n\n\n<p>5.4. U slu\u010daju da Polaznik izostane s vi\u0161e od 30% ukupnog programa, U\u010dili\u0161te ne\u0107e mo\u0107i omogu\u0107iti pravo pristupa ispitu.<\/p>\n\n\n\n<p>5.5. U slu\u010daju da Polaznik iz opravdanih razloga izostane s vi\u0161e od 40% ukupnog programa te pismeno obavijesti U\u010dili\u0161te o istome, U\u010dili\u0161te \u0107e Polazniku omogu\u0107iti besplatnu nadoknadu propu\u0161tene nastave s idu\u0107om grupom istog programa obrazovanja. Ukoliko ne\u0107e biti organizirane grupe u teku\u0107oj akademskoj godini, sredstva se prebacuju na sljede\u0107u. Nakon nadoknade propu\u0161tene nastave, Polaznik \u0107e mo\u0107i pristupiti ispitu. Opravdani razlozi izostanka podrazumijevaju: a) bolest (s medicinskom dokumentacijom), b) promjena radnog vremena (s potvrdom poslodavca).<\/p>\n\n\n\n<p>5.6. U slu\u010daju da Polaznik ne obavijesti U\u010dili\u0161te ili ne opravda izostanak, U\u010dili\u0161te mu nije du\u017eno osigurati nadoknadu propu\u0161tenog predavanja, ve\u0107 je Polaznik du\u017ean uplatiti tro\u0161kove sukladne broju sati propu\u0161tene nastave. Ukoliko Polaznik smatra da ima opravdan razlog izostanka, a taj razlog nije naveden u Op\u0107im uvjetima, mo\u017ee poslati molbu u roku od 10 dana od izostanka. Odgovor na molbu U\u010dili\u0161te \u0107e dostaviti u roku ne duljem od 14 dana.<\/p>\n\n\n\n<p>5.7. Polaznik svu potrebnu komunikaciju (prijavu i odjavu ispita, obavijesti o izostancima, izdavanje uvjerenja i sl.) obavlja preko e-mail adrese: <a href=\"mailto:info@amorlingua.com\">info@amorlingua.com<\/a>.<\/p>\n\n\n\n<p>5.8. U\u010dili\u0161te ima pravo promijeniti datum po\u010detka obrazovnog programa. U\u010dili\u0161te se obvezuje pravovremeno obaviejstiti Polaznika o svim promjenima u rasporedu, pozivom na telefon ili mobitel ili e-mailom.<\/p>\n\n\n\n<p>5.9. U slu\u010daju obustave rada U\u010dili\u0161ta, U\u010dili\u0161te je obavezno realizirati sve odredbe Ugovora ili Polazniku izvr\u0161iti povrat sredstava za upisani program obrazovanja koji se nije odr\u017eao.<\/p>\n\n\n\n<p>5.10. Literatura i materijali koji se koriste u nastavi nisu uklju\u010deni su u cijenu programa.<\/p>\n\n\n\n<p>5.11. Polaznik se obvezuje da \u0107e \u010duvati sve podatke od neovla\u0161tenog odavanja, poput korisni\u010dkog imena i lozinke e-mail adrese, web prostora, portala, Interneta, razli\u010ditih programa&#8230;U protivnom je Polaznik odgovoran za svu potencijalnu uzrokovanu \u0161tetu.<\/p>\n\n\n\n<p>\u010clanak 6. Polaganje ispita<\/p>\n\n\n\n<p>6.1. Polaznik je du\u017ean polagati ispit u sklopu predavanja ako je tako predvi\u0111eno nastavnim programom.<\/p>\n\n\n\n<p>6.2. Polaznik zavr\u0161nom ispitu mo\u017ee pristupiti nakon minimalno 80% odslu\u0161anog nastavnog programa, bez obzira poha\u0111a li redovnu ili online nastavu.<\/p>\n\n\n\n<p>6.3. Polaznik je du\u017ean pismenim putem ili na e-mail adresu prijaviti izlazak na ispit.<\/p>\n\n\n\n<p>6.4. Polaznik je du\u017ean iza\u0107i na ispit u za to predvi\u0111enom terminu ispitnog roka. Ukoliko U\u010dili\u0161te iz opravdanog razloga ne mo\u017ee omogu\u0107iti Polazniku polaganje ispita u odabranom terminu, U\u010dili\u0161te \u0107e obavijestiti Polaznika osobno, pozivom ili e-mailom.<\/p>\n\n\n\n<p>6.5. Cijena prvog izlaska na zavr\u0161ni ispit ura\u010dunata je u cijenu programa obrazovanja. Svaki dodatni ispitni termin napla\u0107uje se 400 kuna.<\/p>\n\n\n\n<p>6.6. Prilikom pristupanja ispitu, Polaznik sa sobom mora imati va\u017ee\u0107i identifikacijski dokument.<\/p>\n\n\n\n<p>6.7. Ukoliko tijekom provo\u0111enja ispita Polaznik koristi nedozvoljena sredstva, odnosno ne rje\u0161ava samostalno ispit, bit \u0107e udaljen s ispita i rezultat \u0107e se pisati kao pad.<\/p>\n\n\n\n<p>6.8. Trajanje ispita vremenski je ograni\u010deno i prikazano prije po\u010detka ispita.<\/p>\n\n\n\n<p>6.9. Postotak potreban za prolaz zavr\u0161nog ispita je 60% za strane jezike i specijalizirane te\u010dajeve.<\/p>\n\n\n\n<p>6.10. Polaznik na vlastiti zahtjev ima pravo u uvid ispita.<\/p>\n\n\n\n<p>\u010clanak 7. Izdavanje uvjerenja i certifikata<\/p>\n\n\n\n<p>7.1. Po uspje\u0161no zavr\u0161enom programu, nakon provjere uvjeta propisanih nastavnim programom, dostavljene dokumentacije, potpisanog ugovora, odslu\u0161anih sati, polo\u017eenih svih ispita i podmirenih eventualnih dugovanja, Polaznik stje\u010de pravo na izdavanje zavr\u0161ne javne isprave: uvjerenja o osposobljavnju\/usavr\u0161avanju ili svjedod\u017ebe o stupnju znanja stranog jezika.<\/p>\n\n\n\n<p>7.2. Polaznik uvjerenje\/svjedod\u017ebu preuzima na lokaciji U\u010dili\u0161ta. Ukoliko Polazniku vi\u0161e odgovara primitak na ku\u0107nu adresu, tada Polaznik preuzima tro\u0161ak po\u0161tanske usluge.<\/p>\n\n\n\n<p>\u010clanak 8. Otkaz grupe<\/p>\n\n\n\n<p>8.1. U\u010dili\u0161te zadr\u017eava pravo promjene termina ili otkaza grupe najkasnije 2 dana prije predvi\u0111enog po\u010detka programa obrazovana ukoliko ne prikupi dovoljan broj prijavljenih polaznika. Kako bi grupa mogla po\u010deti s radom mora imati minimalno 4 polaznika.<\/p>\n\n\n\n<p>8.2. U\u010dili\u0161te zadr\u017eava pravo promjene rasporeda ukoliko prije po\u010detka ili tokom odvijanja nastave nastupe izvanredne okolnosti koje nije bilo mogu\u0107e predvidjeti, poput dobavlja\u010da usluga energije, komunikacija, interneta i sl. Polaznik nema pravo na naknadu \u0161tete.<\/p>\n\n\n\n<p>8.3. U\u010dili\u0161te nije odgovorno ukoliko se ne odr\u017ei nastava zbog vi\u0161e sile (npr. poplave, po\u017eari, potresi, sigurnosno stanje u dr\u017eavi&#8230;). Polaznik nema pravo na naknadu \u0161tete.<\/p>\n\n\n\n<p>8.4. Ukoliko U\u010dili\u0161te odgodi po\u010detak ili otka\u017ee grupu, Polaznik ima pravo na isplatu upla\u0107enog iznosa &nbsp;i raskid ugovora ukoliko nije zapo\u010deo s poha\u0111anjem nastave u novom terminu. Povrat \u0107e se izvr\u0161iti unutar 15 dana od primitka zahtjeva za raskidom ugovora i potra\u017eivanja povrata sredstava. Polaznik nema pravo na naknadu \u0161tete.<\/p>\n\n\n\n<p>\u010clanak 9. Ispis<\/p>\n\n\n\n<p>9.1. Polaznik se mo\u017ee ispisati iz upisanog programa na vi\u0161e na\u010dina: a) Prije po\u010detka nastavnog programa, Polaznik mora ispuniti Zahtjev za ispis te ima pravo na povrat cjelokupnog iznosa \u0161kolarine; b) Tijekom nastavnog programa, Polaznik mora ispuniti Zahtjev za ispis te nema pravo na povrat \u0161kolarine. Ukoliko ju nije do kraja uplatio, obvezan ju je uplatiti u cijelosti; c) u slu\u010daju da U\u010dili\u0161te odgodi po\u010detak ili otka\u017ee grupu, Polaznik ima pravo na ispis i povrat ukupnog upla\u0107enog iznosa \u0161kolarine, pod uvjetom da Polaznik nije zapo\u010deo s poha\u0111anjem nastave u nekom drugom termini ili drugoj grupi. Polaznik u tom slu\u010daju nema pravo na naknadu \u0161tete.<\/p>\n\n\n\n<p>9.2. Nakon ispisa iz programa obrazovanja, Polaznik nije obavezan poha\u0111ati daljnju nastavu.<\/p>\n\n\n\n<p>9.3. U slu\u010daju povrata \u0161kolarine, Polaznik daje pristanak da se povrat izvr\u0161i na transkacijski ra\u010dun koji je naveo u Zahtjevu za ispis. U\u010dili\u0161te ne preuzima odgovornost provjere vjerodostojnosti podataka ra\u010duna. Ukoliko je Polaznik \u0161kolarinu platio kreditnom ili debitnom karticom, U\u010dili\u0161te \u0107e izvr\u0161iti storno kartice kod karti\u010dara sukladno uvjetima pojedine Banke.<\/p>\n\n\n\n<p>9.4. Dan ispisa iz U\u010dili\u0161ta podrazumijeva Rje\u0161enje o ispisu nakon primitka Zahtjeva za ispisom.<\/p>\n\n\n\n<p>\u010clanak 10. Za\u0161tita osobnih podataka<\/p>\n\n\n\n<p>10.1. U\u010dili\u0161te Amor Lingua \u010duva osobne podatke od neovla\u0161tenog raspolaganja i pristupa. U\u010dili\u0161te poduzima sve organizacijske, tehni\u010dke i fizi\u010dke sigurnosne mjere kako bi prikupljeni osobni podaci bili za\u0161ti\u0107eni.<\/p>\n\n\n\n<p>\u010clanak 11. Ostalo<\/p>\n\n\n\n<p>11.1. U\u010dili\u0161te nije odgovorno za neprenesene informacije Polazniku u slu\u0161aju poku\u0161ane i neuspjele komunikacije s Polaznikom. To podrazumijeva nejavljanje na telefon ili mobitel, neodgovaranje na e-mail poruke i sli\u010dno.<\/p>\n\n\n\n<p>11.2. Polaznik se potpisivanjem Ugovora o poha\u0111anju nastave obvezuje da \u0107e se u prostoru U\u010dili\u0161ta pridr\u017eavati ku\u0107nog reda i pravila pona\u0161anja te da ne\u0107e uni\u0161tavati inventar U\u010dili\u0161ta. U suprotnom, Polaznik pristaje snositi materijalnu i prekr\u0161ajnu odgovornost.<\/p>\n\n\n\n<p>11.3. Polaznik se potpisivanjem Ugovora o poha\u0111anju nastave obvezuje da svojim postupcima ne\u0107e onemogu\u0107avati nastavu i ometati druge Polaznike<\/p>\n\n\n\n<p>11.4. U\u010dili\u0161te ima pravo raskinuti ugovor s Polaznik te ga isklju\u010diti iz nastave, ukoliko Polaznik ometa izvo\u0161enje nastave, ugro\u017eava sigurnost zaposlenika i drugih Polaznika, vrije\u0111a zaposlenike i druge Polaznike ili se ne pridr\u017eava bilo koje od to\u010daka Op\u0107ih uvjeta. Polaznik u slu\u010daju&nbsp; takvog udaljavanja ili isklju\u010denja s nastave nema pravo na povrat upla\u0107ene \u0161kolarine niti pravo na naknadu \u0161tete.<\/p>\n\n\n\n<p>11.5. U\u010dili\u0161te je otvoreno za poja\u0161njavanje odredbi Op\u0107ih uvjeta u slu\u010daju potrebe.<\/p>\n\n\n\n<p>11.6. Polaznik ima pravo podnijeti prigovor pismenim putem te ga predati u prostorijama \u0161kole ili poslati putem po\u0161te ili elektroni\u010dke po\u0161te. \u0160kola \u0107e na prigovor odgovoriti u roku od najkasnije 15 dana od zaprimanja prigovora.<\/p>\n\n\n\n<p>11.7. Op\u0107i uvjeti bit \u0107e objavljeni na internetskim stranicama U\u010dili\u0161ta Amor Lingua. U\u010dili\u0161te \u0107e objaviti sve mogu\u0107e izmjene i dopune ovih Op\u0107ih uvjeta na zakonski na\u010din.<\/p>\n\n\n\n<p>11.8. U slu\u010daju spora, stranke sporazumno ugovaraju nadle\u017enost Op\u0107inskog suda u Zagrebu.<\/p>\n\n\n\n<p>11.9. Ugovor je sastavljen u dva primjerka. Polaznik zadr\u017eava jedan, te U\u010dili\u0161te zadr\u017eava drugi primjerak.<br><br><\/p>","protected":false},"excerpt":{"rendered":"<p>\u010clanak 1. Podaci o pru\u017eatelju usluga obrazovanja 1.1. Pru\u017eatelj usluga obrazovanja (dalje u tekstu: U\u010dili\u0161te) jest&nbsp;U\u010dili\u0161te Amor Lingua, ustanova za obrazovanje odraslih sa sjedi\u0161tem u ulici Gajeva 2a, Sesvete \u2013 Zagreb, OIB 64363105320, mati\u010dni broj poslovnog subjekta 5291712. 1.2. Ukoliko nije druga\u010dije utvr\u0111eno ovim Op\u0107im uvjetima o pru\u017eanju usluga U\u010dili\u0161ta Amor Lingua, sva se komunikacija [&hellip;]<\/p>\n","protected":false},"author":1,"featured_media":0,"parent":0,"menu_order":0,"comment_status":"closed","ping_status":"closed","template":"","meta":{"om_disable_all_campaigns":false,"_monsterinsights_skip_tracking":false,"_monsterinsights_sitenote_active":false,"_monsterinsights_sitenote_note":"","_monsterinsights_sitenote_category":0,"_uf_show_specific_survey":0,"_uf_disable_surveys":false,"h5ap_radio_sources":[],"footnotes":""},"class_list":["post-785","page","type-page","status-publish","hentry","entry","owp-thumbs-layout-horizontal","owp-btn-big","owp-tabs-layout-section","has-no-thumbnails","has-product-nav"],"_links":{"self":[{"href":"https:\/\/amorlingua.com\/en\/wp-json\/wp\/v2\/pages\/785","targetHints":{"allow":["GET"]}}],"collection":[{"href":"https:\/\/amorlingua.com\/en\/wp-json\/wp\/v2\/pages"}],"about":[{"href":"https:\/\/amorlingua.com\/en\/wp-json\/wp\/v2\/types\/page"}],"author":[{"embeddable":true,"href":"https:\/\/amorlingua.com\/en\/wp-json\/wp\/v2\/users\/1"}],"replies":[{"embeddable":true,"href":"https:\/\/amorlingua.com\/en\/wp-json\/wp\/v2\/comments?post=785"}],"version-history":[{"count":1,"href":"https:\/\/amorlingua.com\/en\/wp-json\/wp\/v2\/pages\/785\/revisions"}],"predecessor-version":[{"id":8158,"href":"https:\/\/amorlingua.com\/en\/wp-json\/wp\/v2\/pages\/785\/revisions\/8158"}],"wp:attachment":[{"href":"https:\/\/amorlingua.com\/en\/wp-json\/wp\/v2\/media?parent=785"}],"curies":[{"name":"wp","href":"https:\/\/api.w.org\/{rel}","templated":true}]}}