{"id":11312,"date":"2024-09-27T07:37:55","date_gmt":"2024-09-27T07:37:55","guid":{"rendered":"https:\/\/www.amorlingua.com\/?page_id=11312"},"modified":"2024-09-27T07:38:00","modified_gmt":"2024-09-27T07:38:00","slug":"ispiti-i-izdavanje-potvrda-o-poznavanju-stranih-jezika-i-hrvatskog-jezika","status":"publish","type":"page","link":"https:\/\/amorlingua.com\/en\/strani-jezici\/ispiti-i-izdavanje-potvrda-o-poznavanju-stranih-jezika-i-hrvatskog-jezika\/","title":{"rendered":"Ispiti i izdavanje potvrda o poznavanju stranih jezika i hrvatskog jezika"},"content":{"rendered":"<p>U\u010dili\u0161te Amor Lingua specijalizirana za strane jezike provodi ispite i izdaje potvrde o poznavanju stranih jezika i hrvatskog jezika.<\/p>\n\n\n\n<p>Ispit se sastoji od pisanog i usmenog dijela. Pisani dio uklju\u010duje razumijevanje teksta, prepoznavanje gramati\u010dkih struktura i pisanje kratkog sastavka. Usmenim dijelom ispita provjeravaju se jezi\u010dne i komunikacijske vje\u0161tine na odre\u0111enoj razini znanja jezika.<\/p>\n\n\n\n<p><strong>Ispit i certifikat za razine od&nbsp;A1&nbsp;do&nbsp;B2&nbsp;iznosi 76,00 \u20ac<\/strong><\/p>\n\n\n\n<p>Cijena potvrde za razine<strong>&nbsp;C1&nbsp;<\/strong>and<strong>&nbsp;C2&nbsp;<\/strong>iznosi<strong>&nbsp;150,00 \u20ac<\/strong>,<\/p>\n\n\n\n<p><strong>Prijave na mail:&nbsp;<a href=\"mailto:info@amorlingua.com\" target=\"_blank\" rel=\"noreferrer noopener\">info@amorlingua.com<\/a><\/strong><\/p>\n\n\n\n<p>Podaci za uplatu:<\/p>\n\n\n\n<p>PRIMATELJ:<br><strong>AMOR LINGUA COLLEGE&nbsp;<br>U\u010dili\u0161te za strane jezike<br>Zagreb, Gajeva 2a<\/strong><\/p>\n\n\n\n<p>IBAN:&nbsp;<strong>HR ( dodajte IBAN od U\u010dili\u0161ta)<\/strong><br>model:&nbsp;<strong>00<\/strong>; poziv na broj:&nbsp;<strong>13-2024<\/strong><\/p>\n\n\n\n<p>SVRHA UPLATE:&nbsp;<strong>Ispit za certifikat o poznavanju hrvatskog jezika i stranih jezika ( Engleski, njema\u010dki, francuski, talijanski, \u0161panjolski, portugalski jezik !<\/strong><\/p>","protected":false},"excerpt":{"rendered":"<p>U\u010dili\u0161te Amor Lingua specijalizirana za strane jezike provodi ispite i izdaje potvrde o poznavanju stranih jezika i hrvatskog jezika. Ispit se sastoji od pisanog i usmenog dijela. Pisani dio uklju\u010duje razumijevanje teksta, prepoznavanje gramati\u010dkih struktura i pisanje kratkog sastavka. Usmenim dijelom ispita provjeravaju se jezi\u010dne i komunikacijske vje\u0161tine na odre\u0111enoj razini znanja jezika. Ispit i [&hellip;]<\/p>\n","protected":false},"author":1,"featured_media":11313,"parent":15,"menu_order":0,"comment_status":"closed","ping_status":"closed","template":"","meta":{"om_disable_all_campaigns":false,"_monsterinsights_skip_tracking":false,"_monsterinsights_sitenote_active":false,"_monsterinsights_sitenote_note":"","_monsterinsights_sitenote_category":0,"_uf_show_specific_survey":0,"_uf_disable_surveys":false,"h5ap_radio_sources":[],"footnotes":""},"class_list":["post-11312","page","type-page","status-publish","has-post-thumbnail","hentry","entry","has-media","owp-thumbs-layout-horizontal","owp-btn-big","owp-tabs-layout-section","has-no-thumbnails","has-product-nav"],"_links":{"self":[{"href":"https:\/\/amorlingua.com\/en\/wp-json\/wp\/v2\/pages\/11312","targetHints":{"allow":["GET"]}}],"collection":[{"href":"https:\/\/amorlingua.com\/en\/wp-json\/wp\/v2\/pages"}],"about":[{"href":"https:\/\/amorlingua.com\/en\/wp-json\/wp\/v2\/types\/page"}],"author":[{"embeddable":true,"href":"https:\/\/amorlingua.com\/en\/wp-json\/wp\/v2\/users\/1"}],"replies":[{"embeddable":true,"href":"https:\/\/amorlingua.com\/en\/wp-json\/wp\/v2\/comments?post=11312"}],"version-history":[{"count":2,"href":"https:\/\/amorlingua.com\/en\/wp-json\/wp\/v2\/pages\/11312\/revisions"}],"predecessor-version":[{"id":11315,"href":"https:\/\/amorlingua.com\/en\/wp-json\/wp\/v2\/pages\/11312\/revisions\/11315"}],"up":[{"embeddable":true,"href":"https:\/\/amorlingua.com\/en\/wp-json\/wp\/v2\/pages\/15"}],"wp:featuredmedia":[{"embeddable":true,"href":"https:\/\/amorlingua.com\/en\/wp-json\/wp\/v2\/media\/11313"}],"wp:attachment":[{"href":"https:\/\/amorlingua.com\/en\/wp-json\/wp\/v2\/media?parent=11312"}],"curies":[{"name":"wp","href":"https:\/\/api.w.org\/{rel}","templated":true}]}}